{"id":45,"date":"2018-03-30T13:50:45","date_gmt":"2018-03-30T13:50:45","guid":{"rendered":"http:\/\/seitz-service.com\/?page_id=45"},"modified":"2026-01-15T15:12:10","modified_gmt":"2026-01-15T15:12:10","slug":"kontakt","status":"publish","type":"page","link":"https:\/\/seitz-service.com\/?page_id=45","title":{"rendered":""},"content":{"rendered":"<h2 style=\"text-align: center;\"><strong>Kontakt<\/strong><\/h2>\n<p>Wir entwickeln Ideen, Konzepte und L\u00f6sungsvorschl\u00e4ge die individuell auf Ihre Fragen und Bed\u00fcrfnisse abgestimmt sind. Was k\u00f6nnen wir f\u00fcr Sie tun?<\/p>\n<p>Rufen Sie einfach an unter:<\/p>\n<p>0163 5976025<\/p>\n<p>oder nutzen Sie unser Kontaktformular.<\/p>\n<p>&nbsp;<\/p>\n\n<div class=\"wpcf7 no-js\" id=\"wpcf7-f10-o1\" lang=\"de-DE\" dir=\"ltr\" data-wpcf7-id=\"10\">\n<div class=\"screen-reader-response\"><p role=\"status\" aria-live=\"polite\" aria-atomic=\"true\"><\/p> <ul><\/ul><\/div>\n<form action=\"\/index.php?rest_route=%2Fwp%2Fv2%2Fpages%2F45#wpcf7-f10-o1\" method=\"post\" class=\"wpcf7-form init\" aria-label=\"Kontaktformular\" novalidate=\"novalidate\" data-status=\"init\">\n<fieldset class=\"hidden-fields-container\"><input type=\"hidden\" name=\"_wpcf7\" value=\"10\" \/><input type=\"hidden\" name=\"_wpcf7_version\" value=\"6.1.5\" \/><input type=\"hidden\" name=\"_wpcf7_locale\" value=\"de_DE\" \/><input type=\"hidden\" name=\"_wpcf7_unit_tag\" value=\"wpcf7-f10-o1\" \/><input type=\"hidden\" name=\"_wpcf7_container_post\" value=\"0\" \/><input type=\"hidden\" name=\"_wpcf7_posted_data_hash\" value=\"\" \/>\n<\/fieldset>\n<p><label> Name (Pflichtfeld)<br \/>\n<span class=\"wpcf7-form-control-wrap\" data-name=\"your-name\"><input size=\"40\" maxlength=\"400\" class=\"wpcf7-form-control wpcf7-text wpcf7-validates-as-required\" aria-required=\"true\" aria-invalid=\"false\" value=\"\" type=\"text\" name=\"your-name\" \/><\/span> <\/label>\n<\/p>\n<p><label> E-Mail (Pflichtfeld)<br \/>\n<span class=\"wpcf7-form-control-wrap\" data-name=\"your-email\"><input size=\"40\" maxlength=\"400\" class=\"wpcf7-form-control wpcf7-email wpcf7-validates-as-required wpcf7-text wpcf7-validates-as-email\" aria-required=\"true\" aria-invalid=\"false\" value=\"\" type=\"email\" name=\"your-email\" \/><\/span> <\/label>\n<\/p>\n<p><label> Tel.-Nr. (Pflichtfeld)<br \/>\n<span class=\"wpcf7-form-control-wrap\" data-name=\"tel-278\"><input size=\"40\" maxlength=\"400\" class=\"wpcf7-form-control wpcf7-tel wpcf7-text wpcf7-validates-as-tel\" aria-invalid=\"false\" value=\"\" type=\"tel\" name=\"tel-278\" \/><\/span><br \/>\n<\/label><label> Betreff<br \/>\n<span class=\"wpcf7-form-control-wrap\" data-name=\"your-subject\"><input size=\"40\" maxlength=\"400\" class=\"wpcf7-form-control wpcf7-text\" aria-invalid=\"false\" value=\"\" type=\"text\" name=\"your-subject\" \/><\/span> <\/label>\n<\/p>\n<p><label> Nachricht<br \/>\n<span class=\"wpcf7-form-control-wrap\" data-name=\"your-message\"><textarea cols=\"40\" rows=\"10\" maxlength=\"2000\" class=\"wpcf7-form-control wpcf7-textarea\" aria-invalid=\"false\" name=\"your-message\"><\/textarea><\/span> <\/label>\n<\/p>\n<p><input class=\"wpcf7-form-control wpcf7-submit has-spinner\" type=\"submit\" value=\"Senden\" \/>\n<\/p><div class=\"wpcf7-response-output\" aria-hidden=\"true\"><\/div>\n<\/form>\n<\/div>\n\n<p>&nbsp;<\/p>\n<p><input id=\"input26681760\" class=\"\" name=\"privacy-accepted[]\" required=\"true\" type=\"checkbox\" value=\"Ja\"><label for=\"input26681760\">Ich habe die Datenschutzhinweise gelesen und akzeptiert.<\/label><\/p>\n<p>&nbsp;<\/p>\n<p>Hier finden Sie uns:<\/p>\n<p>S+S Service<br \/>\nSven Seitz<br \/>\nSteingasse 8<br \/>\n63877 Sailauf<\/p>\n<p>Tel:<\/p>\n<p><iframe src=\"https:\/\/maps.google.com\/maps?q=Steingasse%208%20%2C63877%20Sailauf&amp;t=m&amp;z=10&amp;output=embed&amp;iwloc=near\" frameborder=\"0\" marginwidth=\"0\" marginheight=\"0\" scrolling=\"no\" aria-label=\"Steingasse 8 ,63877 Sailauf\"><\/iframe><\/p>\n","protected":false},"excerpt":{"rendered":"<p>Kontakt Wir entwickeln Ideen, Konzepte und L\u00f6sungsvorschl\u00e4ge die individuell auf Ihre Fragen und Bed\u00fcrfnisse abgestimmt sind. Was k\u00f6nnen wir f\u00fcr Sie tun? Rufen Sie einfach an unter: 0163 5976025 oder nutzen Sie unser Kontaktformular. &nbsp; &nbsp; Ich habe die Datenschutzhinweise gelesen und akzeptiert. &nbsp; Hier finden Sie uns: S+S Service Sven Seitz Steingasse 8 63877&hellip; <br \/> <a class=\"button small blue\" href=\"https:\/\/seitz-service.com\/?page_id=45\">Weiterlesen<\/a><\/p>\n","protected":false},"author":1,"featured_media":0,"parent":0,"menu_order":0,"comment_status":"closed","ping_status":"closed","template":"","meta":{"ngg_post_thumbnail":0,"jetpack_post_was_ever_published":false,"footnotes":""},"class_list":["post-45","page","type-page","status-publish","hentry"],"yoast_head":"<!-- This site is optimized with the Yoast SEO plugin v27.5 - https:\/\/yoast.com\/product\/yoast-seo-wordpress\/ -->\n<title>- S&amp;S Service<\/title>\n<meta name=\"description\" content=\"Seitz-Service\" \/>\n<meta name=\"robots\" content=\"index, follow, max-snippet:-1, max-image-preview:large, max-video-preview:-1\" \/>\n<link rel=\"canonical\" href=\"https:\/\/seitz-service.com\/?page_id=45\" \/>\n<meta property=\"og:locale\" content=\"de_DE\" \/>\n<meta property=\"og:type\" content=\"article\" \/>\n<meta property=\"og:title\" content=\"- S&amp;S Service\" \/>\n<meta property=\"og:description\" content=\"Seitz-Service\" \/>\n<meta property=\"og:url\" content=\"https:\/\/seitz-service.com\/?page_id=45\" \/>\n<meta property=\"og:site_name\" content=\"S&amp;S Service\" \/>\n<meta property=\"article:publisher\" content=\"https:\/\/www.facebook.com\/TEST-TOBI-1883754698418648\/?modal=admin_todo_tour\" \/>\n<meta property=\"article:modified_time\" content=\"2026-01-15T15:12:10+00:00\" \/>\n<meta name=\"twitter:card\" content=\"summary_large_image\" \/>\n<meta name=\"twitter:label1\" content=\"Gesch\u00e4tzte Lesezeit\" \/>\n\t<meta name=\"twitter:data1\" content=\"1\u00a0Minute\" \/>\n<script type=\"application\/ld+json\" class=\"yoast-schema-graph\">{\"@context\":\"https:\\\/\\\/schema.org\",\"@graph\":[{\"@type\":\"WebPage\",\"@id\":\"https:\\\/\\\/seitz-service.com\\\/?page_id=45\",\"url\":\"https:\\\/\\\/seitz-service.com\\\/?page_id=45\",\"name\":\"- S&amp;S Service\",\"isPartOf\":{\"@id\":\"https:\\\/\\\/seitz-service.com\\\/#website\"},\"datePublished\":\"2018-03-30T13:50:45+00:00\",\"dateModified\":\"2026-01-15T15:12:10+00:00\",\"description\":\"Seitz-Service\",\"inLanguage\":\"de\",\"potentialAction\":[{\"@type\":\"ReadAction\",\"target\":[\"https:\\\/\\\/seitz-service.com\\\/?page_id=45\"]}]},{\"@type\":\"WebSite\",\"@id\":\"https:\\\/\\\/seitz-service.com\\\/#website\",\"url\":\"https:\\\/\\\/seitz-service.com\\\/\",\"name\":\"S&amp;S Service\",\"description\":\"Ideen, Konzepte, L\u00f6sungen f\u00fcr Ihr Zuhause\",\"publisher\":{\"@id\":\"https:\\\/\\\/seitz-service.com\\\/#organization\"},\"potentialAction\":[{\"@type\":\"SearchAction\",\"target\":{\"@type\":\"EntryPoint\",\"urlTemplate\":\"https:\\\/\\\/seitz-service.com\\\/?s={search_term_string}\"},\"query-input\":{\"@type\":\"PropertyValueSpecification\",\"valueRequired\":true,\"valueName\":\"search_term_string\"}}],\"inLanguage\":\"de\"},{\"@type\":\"Organization\",\"@id\":\"https:\\\/\\\/seitz-service.com\\\/#organization\",\"name\":\"Sven Seitz\",\"url\":\"https:\\\/\\\/seitz-service.com\\\/\",\"logo\":{\"@type\":\"ImageObject\",\"inLanguage\":\"de\",\"@id\":\"https:\\\/\\\/seitz-service.com\\\/#\\\/schema\\\/logo\\\/image\\\/\",\"url\":\"https:\\\/\\\/i0.wp.com\\\/seitz-service.com\\\/wp-content\\\/uploads\\\/2018\\\/03\\\/hplogosven.png?fit=945%2C609\",\"contentUrl\":\"https:\\\/\\\/i0.wp.com\\\/seitz-service.com\\\/wp-content\\\/uploads\\\/2018\\\/03\\\/hplogosven.png?fit=945%2C609\",\"width\":945,\"height\":609,\"caption\":\"Sven Seitz\"},\"image\":{\"@id\":\"https:\\\/\\\/seitz-service.com\\\/#\\\/schema\\\/logo\\\/image\\\/\"},\"sameAs\":[\"https:\\\/\\\/www.facebook.com\\\/TEST-TOBI-1883754698418648\\\/?modal=admin_todo_tour\"]}]}<\/script>\n<!-- \/ Yoast SEO plugin. -->","yoast_head_json":{"title":"- S&amp;S Service","description":"Seitz-Service","robots":{"index":"index","follow":"follow","max-snippet":"max-snippet:-1","max-image-preview":"max-image-preview:large","max-video-preview":"max-video-preview:-1"},"canonical":"https:\/\/seitz-service.com\/?page_id=45","og_locale":"de_DE","og_type":"article","og_title":"- S&amp;S Service","og_description":"Seitz-Service","og_url":"https:\/\/seitz-service.com\/?page_id=45","og_site_name":"S&amp;S Service","article_publisher":"https:\/\/www.facebook.com\/TEST-TOBI-1883754698418648\/?modal=admin_todo_tour","article_modified_time":"2026-01-15T15:12:10+00:00","twitter_card":"summary_large_image","twitter_misc":{"Gesch\u00e4tzte Lesezeit":"1\u00a0Minute"},"schema":{"@context":"https:\/\/schema.org","@graph":[{"@type":"WebPage","@id":"https:\/\/seitz-service.com\/?page_id=45","url":"https:\/\/seitz-service.com\/?page_id=45","name":"- S&amp;S Service","isPartOf":{"@id":"https:\/\/seitz-service.com\/#website"},"datePublished":"2018-03-30T13:50:45+00:00","dateModified":"2026-01-15T15:12:10+00:00","description":"Seitz-Service","inLanguage":"de","potentialAction":[{"@type":"ReadAction","target":["https:\/\/seitz-service.com\/?page_id=45"]}]},{"@type":"WebSite","@id":"https:\/\/seitz-service.com\/#website","url":"https:\/\/seitz-service.com\/","name":"S&amp;S Service","description":"Ideen, Konzepte, L\u00f6sungen f\u00fcr Ihr Zuhause","publisher":{"@id":"https:\/\/seitz-service.com\/#organization"},"potentialAction":[{"@type":"SearchAction","target":{"@type":"EntryPoint","urlTemplate":"https:\/\/seitz-service.com\/?s={search_term_string}"},"query-input":{"@type":"PropertyValueSpecification","valueRequired":true,"valueName":"search_term_string"}}],"inLanguage":"de"},{"@type":"Organization","@id":"https:\/\/seitz-service.com\/#organization","name":"Sven Seitz","url":"https:\/\/seitz-service.com\/","logo":{"@type":"ImageObject","inLanguage":"de","@id":"https:\/\/seitz-service.com\/#\/schema\/logo\/image\/","url":"https:\/\/i0.wp.com\/seitz-service.com\/wp-content\/uploads\/2018\/03\/hplogosven.png?fit=945%2C609","contentUrl":"https:\/\/i0.wp.com\/seitz-service.com\/wp-content\/uploads\/2018\/03\/hplogosven.png?fit=945%2C609","width":945,"height":609,"caption":"Sven Seitz"},"image":{"@id":"https:\/\/seitz-service.com\/#\/schema\/logo\/image\/"},"sameAs":["https:\/\/www.facebook.com\/TEST-TOBI-1883754698418648\/?modal=admin_todo_tour"]}]}},"jetpack_sharing_enabled":true,"jetpack_shortlink":"https:\/\/wp.me\/PaDqX3-J","jetpack-related-posts":[],"jetpack_likes_enabled":true,"_links":{"self":[{"href":"https:\/\/seitz-service.com\/index.php?rest_route=\/wp\/v2\/pages\/45","targetHints":{"allow":["GET"]}}],"collection":[{"href":"https:\/\/seitz-service.com\/index.php?rest_route=\/wp\/v2\/pages"}],"about":[{"href":"https:\/\/seitz-service.com\/index.php?rest_route=\/wp\/v2\/types\/page"}],"author":[{"embeddable":true,"href":"https:\/\/seitz-service.com\/index.php?rest_route=\/wp\/v2\/users\/1"}],"replies":[{"embeddable":true,"href":"https:\/\/seitz-service.com\/index.php?rest_route=%2Fwp%2Fv2%2Fcomments&post=45"}],"version-history":[{"count":28,"href":"https:\/\/seitz-service.com\/index.php?rest_route=\/wp\/v2\/pages\/45\/revisions"}],"predecessor-version":[{"id":1016,"href":"https:\/\/seitz-service.com\/index.php?rest_route=\/wp\/v2\/pages\/45\/revisions\/1016"}],"wp:attachment":[{"href":"https:\/\/seitz-service.com\/index.php?rest_route=%2Fwp%2Fv2%2Fmedia&parent=45"}],"curies":[{"name":"wp","href":"https:\/\/api.w.org\/{rel}","templated":true}]}}