{"id":37,"date":"2018-03-30T13:45:54","date_gmt":"2018-03-30T13:45:54","guid":{"rendered":"http:\/\/seitz-service.com\/?page_id=37"},"modified":"2026-03-21T14:09:17","modified_gmt":"2026-03-21T14:09:17","slug":"ueber-uns","status":"publish","type":"page","link":"https:\/\/seitz-service.com\/?page_id=37","title":{"rendered":""},"content":{"rendered":"<h2 style=\"text-align: center;\"><strong>Unser Team<\/strong><\/h2>\n<p><!--more--><\/p>\n<p style=\"font-weight: 400;\"><a href=\"https:\/\/i0.wp.com\/seitz-service.com\/wp-content\/uploads\/2026\/01\/007_PicturePeople-8-von-20_1761759578411-scaled.jpg\"><img data-recalc-dims=\"1\" loading=\"lazy\" decoding=\"async\" data-attachment-id=\"1013\" data-permalink=\"https:\/\/seitz-service.com\/?attachment_id=1013\" data-orig-file=\"https:\/\/i0.wp.com\/seitz-service.com\/wp-content\/uploads\/2026\/01\/007_PicturePeople-8-von-20_1761759578411-scaled.jpg?fit=1707%2C2560&amp;ssl=1\" data-orig-size=\"1707,2560\" data-comments-opened=\"1\" data-image-meta=\"{&quot;aperture&quot;:&quot;9&quot;,&quot;credit&quot;:&quot;&quot;,&quot;camera&quot;:&quot;Canon EOS R6&quot;,&quot;caption&quot;:&quot;&quot;,&quot;created_timestamp&quot;:&quot;1761758607&quot;,&quot;copyright&quot;:&quot;&quot;,&quot;focal_length&quot;:&quot;105&quot;,&quot;iso&quot;:&quot;100&quot;,&quot;shutter_speed&quot;:&quot;0.00625&quot;,&quot;title&quot;:&quot;&quot;,&quot;orientation&quot;:&quot;0&quot;}\" data-image-title=\"007_PicturePeople (8 von 20)_1761759578411\" data-image-description=\"\" data-image-caption=\"\" data-large-file=\"https:\/\/i0.wp.com\/seitz-service.com\/wp-content\/uploads\/2026\/01\/007_PicturePeople-8-von-20_1761759578411-scaled.jpg?fit=683%2C1024&amp;ssl=1\" class=\"alignleft size-medium wp-image-1013\" src=\"https:\/\/i0.wp.com\/seitz-service.com\/wp-content\/uploads\/2026\/01\/007_PicturePeople-8-von-20_1761759578411.jpg?resize=200%2C300\" alt=\"\" width=\"200\" height=\"300\" srcset=\"https:\/\/i0.wp.com\/seitz-service.com\/wp-content\/uploads\/2026\/01\/007_PicturePeople-8-von-20_1761759578411-scaled.jpg?resize=200%2C300&amp;ssl=1 200w, https:\/\/i0.wp.com\/seitz-service.com\/wp-content\/uploads\/2026\/01\/007_PicturePeople-8-von-20_1761759578411-scaled.jpg?resize=683%2C1024&amp;ssl=1 683w, https:\/\/i0.wp.com\/seitz-service.com\/wp-content\/uploads\/2026\/01\/007_PicturePeople-8-von-20_1761759578411-scaled.jpg?resize=768%2C1152&amp;ssl=1 768w, https:\/\/i0.wp.com\/seitz-service.com\/wp-content\/uploads\/2026\/01\/007_PicturePeople-8-von-20_1761759578411-scaled.jpg?resize=1024%2C1536&amp;ssl=1 1024w, https:\/\/i0.wp.com\/seitz-service.com\/wp-content\/uploads\/2026\/01\/007_PicturePeople-8-von-20_1761759578411-scaled.jpg?resize=1365%2C2048&amp;ssl=1 1365w, https:\/\/i0.wp.com\/seitz-service.com\/wp-content\/uploads\/2026\/01\/007_PicturePeople-8-von-20_1761759578411-scaled.jpg?resize=720%2C1080&amp;ssl=1 720w, https:\/\/i0.wp.com\/seitz-service.com\/wp-content\/uploads\/2026\/01\/007_PicturePeople-8-von-20_1761759578411-scaled.jpg?w=1707&amp;ssl=1 1707w\" sizes=\"auto, (max-width: 200px) 100vw, 200px\" \/><\/a>Seit 40 Jahren steigt Inhaber Sven Seitz anderen aufs Dach \u2013 und das mit Leidenschaft!<\/p>\n<p style=\"font-weight: 400;\">In den Bereichen Dach- und Fassadenarbeiten aus Metall ist er ganz in seinem Element. Was ihn seit vier Jahrzehnten antreibt, ist die Freude am Handwerk und die Zufriedenheit seiner Kunden.<\/p>\n<p style=\"font-weight: 400;\">Sein Ansporn:<\/p>\n<p style=\"font-weight: 400;\">\u201eDas Schaffen mit meinen H\u00e4nden macht mir Freude. Es erf\u00fcllt mich jedes Mal wieder mit Stolz, wenn ein Projekt abgeschlossen wurde und ich in die zufriedenen Gesichter meiner Kunden blicke.<\/p>\n<p style=\"font-weight: 400;\">Hochwertige Qualit\u00e4t und die fachgerechte Ausf\u00fchrung der Arbeiten stehen f\u00fcr mich an erster Stelle. Das gro\u00dfe Ganze im Blick zu behalten und dennoch ein Auge f\u00fcr die Details zu haben, auch einmal \u00fcber den Tellerrand zu schauen und die Zusammenarbeit mit anderen Gewerken \u2013 all das geh\u00f6rt f\u00fcr mich dazu, um meinen eigenen Anspr\u00fcchen gerecht zu werden.\u201c<\/p>\n<p style=\"font-weight: 400;\">40 Jahre Erfahrung, Leidenschaft f\u00fcrs Handwerk und ein klarer Anspruch an Qualit\u00e4t.<\/p>\n<h4 style=\"font-weight: 400; text-align: center;\"><strong style=\"font-size: revert;\"><span style=\"color: #800000;\">ICH STEHE AUF BLECH !<\/span><\/strong><\/h4>\n<hr><hr>\n<p>&nbsp;<\/p>\n<p style=\"font-weight: 400;\"><strong>Gute Arbeit braucht ein starkes Team \u2013 und genau das sind wir.<\/strong><\/p>\n<p style=\"font-weight: 400;\"><strong>Katja Schweiger<\/strong><br><em>Verwaltung &amp; Buchhaltung<\/em><br>Katja h\u00e4lt im Hintergrund alle F\u00e4den zusammen. Sie k\u00fcmmert sich um Organisation, Rechnungen und sorgt daf\u00fcr, dass im B\u00fcro alles rund l\u00e4uft.<\/p>\n<p style=\"font-weight: 400;\"><strong>Unsere Jungs im Au\u00dfeneinsatz<\/strong><br>Auf der Baustelle und direkt bei Ihnen vor Ort sind unsere Fachkr\u00e4fte im Einsatz. Mit Erfahrung, handwerklichem K\u00f6nnen und dem Blick f\u00fcrs Detail sorgen sie f\u00fcr saubere und zuverl\u00e4ssige Arbeit:<\/p>\n<ul style=\"font-weight: 400;\">\n<li><strong>Sandro Seitz<\/strong><\/li>\n<li><strong>Tobias Sch\u00fcrer<\/strong><\/li>\n<li><strong>Sascha Mohr<\/strong><\/li>\n<li><strong>Markus Sch\u00e4fer<\/strong><\/li>\n<\/ul>\n<p style=\"font-weight: 400;\">Ob kleiner Auftrag oder gr\u00f6\u00dferes Projekt \u2013 wir packen an und liefern Qualit\u00e4t, auf die Sie sich verlassen k\u00f6nnen.<\/p>\n\n\n<figure class=\"wp-block-image size-large\"><img data-recalc-dims=\"1\" loading=\"lazy\" decoding=\"async\" width=\"1024\" height=\"629\" data-attachment-id=\"992\" data-permalink=\"https:\/\/seitz-service.com\/?attachment_id=992\" data-orig-file=\"https:\/\/i0.wp.com\/seitz-service.com\/wp-content\/uploads\/2023\/08\/Neu1-scaled.jpg?fit=2560%2C1573&amp;ssl=1\" data-orig-size=\"2560,1573\" data-comments-opened=\"1\" data-image-meta=\"{&quot;aperture&quot;:&quot;4.5&quot;,&quot;credit&quot;:&quot;&quot;,&quot;camera&quot;:&quot;X-T200&quot;,&quot;caption&quot;:&quot;&quot;,&quot;created_timestamp&quot;:&quot;1690659103&quot;,&quot;copyright&quot;:&quot;&quot;,&quot;focal_length&quot;:&quot;19.7&quot;,&quot;iso&quot;:&quot;200&quot;,&quot;shutter_speed&quot;:&quot;0.0071428571428571&quot;,&quot;title&quot;:&quot;&quot;,&quot;orientation&quot;:&quot;0&quot;}\" data-image-title=\"Neu1\" data-image-description=\"\" data-image-caption=\"\" data-large-file=\"https:\/\/i0.wp.com\/seitz-service.com\/wp-content\/uploads\/2023\/08\/Neu1-scaled.jpg?fit=1024%2C629&amp;ssl=1\" src=\"https:\/\/i0.wp.com\/seitz-service.com\/wp-content\/uploads\/2023\/08\/Neu1.jpg?resize=1024%2C629\" alt=\"\" class=\"wp-image-992\" srcset=\"https:\/\/i0.wp.com\/seitz-service.com\/wp-content\/uploads\/2023\/08\/Neu1-scaled.jpg?resize=1024%2C629&amp;ssl=1 1024w, https:\/\/i0.wp.com\/seitz-service.com\/wp-content\/uploads\/2023\/08\/Neu1-scaled.jpg?resize=300%2C184&amp;ssl=1 300w, https:\/\/i0.wp.com\/seitz-service.com\/wp-content\/uploads\/2023\/08\/Neu1-scaled.jpg?resize=768%2C472&amp;ssl=1 768w, https:\/\/i0.wp.com\/seitz-service.com\/wp-content\/uploads\/2023\/08\/Neu1-scaled.jpg?resize=1536%2C944&amp;ssl=1 1536w, https:\/\/i0.wp.com\/seitz-service.com\/wp-content\/uploads\/2023\/08\/Neu1-scaled.jpg?resize=2048%2C1258&amp;ssl=1 2048w, https:\/\/i0.wp.com\/seitz-service.com\/wp-content\/uploads\/2023\/08\/Neu1-scaled.jpg?resize=1758%2C1080&amp;ssl=1 1758w\" sizes=\"auto, (max-width: 1024px) 100vw, 1024px\" \/><\/figure>\n\n\n\n<p><\/p>\n\n\n\n<p><\/p>\n","protected":false},"excerpt":{"rendered":"<p>Unser Team<\/p>\n","protected":false},"author":1,"featured_media":0,"parent":0,"menu_order":0,"comment_status":"closed","ping_status":"closed","template":"","meta":{"ngg_post_thumbnail":0,"jetpack_post_was_ever_published":false,"footnotes":""},"class_list":["post-37","page","type-page","status-publish","hentry"],"yoast_head":"<!-- This site is optimized with the Yoast SEO plugin v27.4 - https:\/\/yoast.com\/product\/yoast-seo-wordpress\/ -->\n<title>- S&amp;S Service<\/title>\n<meta name=\"description\" content=\"Seitz-Service\" \/>\n<meta name=\"robots\" content=\"index, follow, max-snippet:-1, max-image-preview:large, max-video-preview:-1\" \/>\n<link rel=\"canonical\" href=\"https:\/\/seitz-service.com\/?page_id=37\" \/>\n<meta property=\"og:locale\" content=\"de_DE\" \/>\n<meta property=\"og:type\" content=\"article\" \/>\n<meta property=\"og:title\" content=\"- S&amp;S Service\" \/>\n<meta property=\"og:description\" content=\"Seitz-Service\" \/>\n<meta property=\"og:url\" content=\"https:\/\/seitz-service.com\/?page_id=37\" \/>\n<meta property=\"og:site_name\" content=\"S&amp;S Service\" \/>\n<meta property=\"article:publisher\" content=\"https:\/\/www.facebook.com\/TEST-TOBI-1883754698418648\/?modal=admin_todo_tour\" \/>\n<meta property=\"article:modified_time\" content=\"2026-03-21T14:09:17+00:00\" \/>\n<meta property=\"og:image\" content=\"http:\/\/seitz-service.com\/wp-content\/uploads\/2026\/01\/007_PicturePeople-8-von-20_1761759578411-200x300.jpg\" \/>\n<meta name=\"twitter:card\" content=\"summary_large_image\" \/>\n<meta name=\"twitter:label1\" content=\"Gesch\u00e4tzte Lesezeit\" \/>\n\t<meta name=\"twitter:data1\" content=\"2\u00a0Minuten\" \/>\n<script type=\"application\/ld+json\" class=\"yoast-schema-graph\">{\"@context\":\"https:\\\/\\\/schema.org\",\"@graph\":[{\"@type\":\"WebPage\",\"@id\":\"https:\\\/\\\/seitz-service.com\\\/?page_id=37\",\"url\":\"https:\\\/\\\/seitz-service.com\\\/?page_id=37\",\"name\":\"- S&amp;S Service\",\"isPartOf\":{\"@id\":\"https:\\\/\\\/seitz-service.com\\\/#website\"},\"primaryImageOfPage\":{\"@id\":\"https:\\\/\\\/seitz-service.com\\\/?page_id=37#primaryimage\"},\"image\":{\"@id\":\"https:\\\/\\\/seitz-service.com\\\/?page_id=37#primaryimage\"},\"thumbnailUrl\":\"http:\\\/\\\/seitz-service.com\\\/wp-content\\\/uploads\\\/2026\\\/01\\\/007_PicturePeople-8-von-20_1761759578411-200x300.jpg\",\"datePublished\":\"2018-03-30T13:45:54+00:00\",\"dateModified\":\"2026-03-21T14:09:17+00:00\",\"description\":\"Seitz-Service\",\"inLanguage\":\"de\",\"potentialAction\":[{\"@type\":\"ReadAction\",\"target\":[\"https:\\\/\\\/seitz-service.com\\\/?page_id=37\"]}]},{\"@type\":\"ImageObject\",\"inLanguage\":\"de\",\"@id\":\"https:\\\/\\\/seitz-service.com\\\/?page_id=37#primaryimage\",\"url\":\"https:\\\/\\\/i0.wp.com\\\/seitz-service.com\\\/wp-content\\\/uploads\\\/2026\\\/01\\\/007_PicturePeople-8-von-20_1761759578411-scaled.jpg?fit=1707%2C2560&ssl=1\",\"contentUrl\":\"https:\\\/\\\/i0.wp.com\\\/seitz-service.com\\\/wp-content\\\/uploads\\\/2026\\\/01\\\/007_PicturePeople-8-von-20_1761759578411-scaled.jpg?fit=1707%2C2560&ssl=1\",\"width\":1707,\"height\":2560},{\"@type\":\"WebSite\",\"@id\":\"https:\\\/\\\/seitz-service.com\\\/#website\",\"url\":\"https:\\\/\\\/seitz-service.com\\\/\",\"name\":\"S&amp;S Service\",\"description\":\"Ideen, Konzepte, L\u00f6sungen f\u00fcr Ihr Zuhause\",\"publisher\":{\"@id\":\"https:\\\/\\\/seitz-service.com\\\/#organization\"},\"potentialAction\":[{\"@type\":\"SearchAction\",\"target\":{\"@type\":\"EntryPoint\",\"urlTemplate\":\"https:\\\/\\\/seitz-service.com\\\/?s={search_term_string}\"},\"query-input\":{\"@type\":\"PropertyValueSpecification\",\"valueRequired\":true,\"valueName\":\"search_term_string\"}}],\"inLanguage\":\"de\"},{\"@type\":\"Organization\",\"@id\":\"https:\\\/\\\/seitz-service.com\\\/#organization\",\"name\":\"Sven Seitz\",\"url\":\"https:\\\/\\\/seitz-service.com\\\/\",\"logo\":{\"@type\":\"ImageObject\",\"inLanguage\":\"de\",\"@id\":\"https:\\\/\\\/seitz-service.com\\\/#\\\/schema\\\/logo\\\/image\\\/\",\"url\":\"https:\\\/\\\/i0.wp.com\\\/seitz-service.com\\\/wp-content\\\/uploads\\\/2018\\\/03\\\/hplogosven.png?fit=945%2C609\",\"contentUrl\":\"https:\\\/\\\/i0.wp.com\\\/seitz-service.com\\\/wp-content\\\/uploads\\\/2018\\\/03\\\/hplogosven.png?fit=945%2C609\",\"width\":945,\"height\":609,\"caption\":\"Sven Seitz\"},\"image\":{\"@id\":\"https:\\\/\\\/seitz-service.com\\\/#\\\/schema\\\/logo\\\/image\\\/\"},\"sameAs\":[\"https:\\\/\\\/www.facebook.com\\\/TEST-TOBI-1883754698418648\\\/?modal=admin_todo_tour\"]}]}<\/script>\n<!-- \/ Yoast SEO plugin. -->","yoast_head_json":{"title":"- S&amp;S Service","description":"Seitz-Service","robots":{"index":"index","follow":"follow","max-snippet":"max-snippet:-1","max-image-preview":"max-image-preview:large","max-video-preview":"max-video-preview:-1"},"canonical":"https:\/\/seitz-service.com\/?page_id=37","og_locale":"de_DE","og_type":"article","og_title":"- S&amp;S Service","og_description":"Seitz-Service","og_url":"https:\/\/seitz-service.com\/?page_id=37","og_site_name":"S&amp;S Service","article_publisher":"https:\/\/www.facebook.com\/TEST-TOBI-1883754698418648\/?modal=admin_todo_tour","article_modified_time":"2026-03-21T14:09:17+00:00","og_image":[{"url":"http:\/\/seitz-service.com\/wp-content\/uploads\/2026\/01\/007_PicturePeople-8-von-20_1761759578411-200x300.jpg","type":"","width":"","height":""}],"twitter_card":"summary_large_image","twitter_misc":{"Gesch\u00e4tzte Lesezeit":"2\u00a0Minuten"},"schema":{"@context":"https:\/\/schema.org","@graph":[{"@type":"WebPage","@id":"https:\/\/seitz-service.com\/?page_id=37","url":"https:\/\/seitz-service.com\/?page_id=37","name":"- S&amp;S Service","isPartOf":{"@id":"https:\/\/seitz-service.com\/#website"},"primaryImageOfPage":{"@id":"https:\/\/seitz-service.com\/?page_id=37#primaryimage"},"image":{"@id":"https:\/\/seitz-service.com\/?page_id=37#primaryimage"},"thumbnailUrl":"http:\/\/seitz-service.com\/wp-content\/uploads\/2026\/01\/007_PicturePeople-8-von-20_1761759578411-200x300.jpg","datePublished":"2018-03-30T13:45:54+00:00","dateModified":"2026-03-21T14:09:17+00:00","description":"Seitz-Service","inLanguage":"de","potentialAction":[{"@type":"ReadAction","target":["https:\/\/seitz-service.com\/?page_id=37"]}]},{"@type":"ImageObject","inLanguage":"de","@id":"https:\/\/seitz-service.com\/?page_id=37#primaryimage","url":"https:\/\/i0.wp.com\/seitz-service.com\/wp-content\/uploads\/2026\/01\/007_PicturePeople-8-von-20_1761759578411-scaled.jpg?fit=1707%2C2560&ssl=1","contentUrl":"https:\/\/i0.wp.com\/seitz-service.com\/wp-content\/uploads\/2026\/01\/007_PicturePeople-8-von-20_1761759578411-scaled.jpg?fit=1707%2C2560&ssl=1","width":1707,"height":2560},{"@type":"WebSite","@id":"https:\/\/seitz-service.com\/#website","url":"https:\/\/seitz-service.com\/","name":"S&amp;S Service","description":"Ideen, Konzepte, L\u00f6sungen f\u00fcr Ihr Zuhause","publisher":{"@id":"https:\/\/seitz-service.com\/#organization"},"potentialAction":[{"@type":"SearchAction","target":{"@type":"EntryPoint","urlTemplate":"https:\/\/seitz-service.com\/?s={search_term_string}"},"query-input":{"@type":"PropertyValueSpecification","valueRequired":true,"valueName":"search_term_string"}}],"inLanguage":"de"},{"@type":"Organization","@id":"https:\/\/seitz-service.com\/#organization","name":"Sven Seitz","url":"https:\/\/seitz-service.com\/","logo":{"@type":"ImageObject","inLanguage":"de","@id":"https:\/\/seitz-service.com\/#\/schema\/logo\/image\/","url":"https:\/\/i0.wp.com\/seitz-service.com\/wp-content\/uploads\/2018\/03\/hplogosven.png?fit=945%2C609","contentUrl":"https:\/\/i0.wp.com\/seitz-service.com\/wp-content\/uploads\/2018\/03\/hplogosven.png?fit=945%2C609","width":945,"height":609,"caption":"Sven Seitz"},"image":{"@id":"https:\/\/seitz-service.com\/#\/schema\/logo\/image\/"},"sameAs":["https:\/\/www.facebook.com\/TEST-TOBI-1883754698418648\/?modal=admin_todo_tour"]}]}},"jetpack_sharing_enabled":true,"jetpack_shortlink":"https:\/\/wp.me\/PaDqX3-B","jetpack-related-posts":[],"jetpack_likes_enabled":true,"_links":{"self":[{"href":"https:\/\/seitz-service.com\/index.php?rest_route=\/wp\/v2\/pages\/37","targetHints":{"allow":["GET"]}}],"collection":[{"href":"https:\/\/seitz-service.com\/index.php?rest_route=\/wp\/v2\/pages"}],"about":[{"href":"https:\/\/seitz-service.com\/index.php?rest_route=\/wp\/v2\/types\/page"}],"author":[{"embeddable":true,"href":"https:\/\/seitz-service.com\/index.php?rest_route=\/wp\/v2\/users\/1"}],"replies":[{"embeddable":true,"href":"https:\/\/seitz-service.com\/index.php?rest_route=%2Fwp%2Fv2%2Fcomments&post=37"}],"version-history":[{"count":42,"href":"https:\/\/seitz-service.com\/index.php?rest_route=\/wp\/v2\/pages\/37\/revisions"}],"predecessor-version":[{"id":1098,"href":"https:\/\/seitz-service.com\/index.php?rest_route=\/wp\/v2\/pages\/37\/revisions\/1098"}],"wp:attachment":[{"href":"https:\/\/seitz-service.com\/index.php?rest_route=%2Fwp%2Fv2%2Fmedia&parent=37"}],"curies":[{"name":"wp","href":"https:\/\/api.w.org\/{rel}","templated":true}]}}